{"id":74,"date":"2025-11-05T11:49:24","date_gmt":"2025-11-05T16:49:24","guid":{"rendered":"https:\/\/reprise1.fpdepsi.ca\/?page_id=74"},"modified":"2025-11-05T14:38:26","modified_gmt":"2025-11-05T19:38:26","slug":"nos-produits","status":"publish","type":"page","link":"https:\/\/reprise1.fpdepsi.ca\/?page_id=74","title":{"rendered":"Nos produits"},"content":{"rendered":"\n<h3 class=\"wp-block-heading has-text-align-center\">Nous avons diff\u00e9rents styles<\/h3>\n\n\n<div class=\"wp-block-image\">\n<figure class=\"aligncenter size-full\"><img loading=\"lazy\" decoding=\"async\" width=\"575\" height=\"390\" src=\"https:\/\/reprise1.fpdepsi.ca\/wp-content\/uploads\/2025\/11\/Produits02-3.jpg\" alt=\"\" class=\"wp-image-98\" srcset=\"https:\/\/reprise1.fpdepsi.ca\/wp-content\/uploads\/2025\/11\/Produits02-3.jpg 575w, https:\/\/reprise1.fpdepsi.ca\/wp-content\/uploads\/2025\/11\/Produits02-3-300x203.jpg 300w, https:\/\/reprise1.fpdepsi.ca\/wp-content\/uploads\/2025\/11\/Produits02-3-1x1.jpg 1w\" sizes=\"auto, (max-width: 575px) 100vw, 575px\" \/><\/figure><\/div>\n\n\n<h3 class=\"wp-block-heading has-text-align-center\">Nous avons diff\u00e9rent type de finit<\/h3>\n\n\n<div class=\"wp-block-image\">\n<figure class=\"aligncenter size-full\"><img loading=\"lazy\" decoding=\"async\" width=\"575\" height=\"390\" src=\"https:\/\/reprise1.fpdepsi.ca\/wp-content\/uploads\/2025\/11\/Produits01-3.jpg\" alt=\"\" class=\"wp-image-99\" srcset=\"https:\/\/reprise1.fpdepsi.ca\/wp-content\/uploads\/2025\/11\/Produits01-3.jpg 575w, https:\/\/reprise1.fpdepsi.ca\/wp-content\/uploads\/2025\/11\/Produits01-3-300x203.jpg 300w, https:\/\/reprise1.fpdepsi.ca\/wp-content\/uploads\/2025\/11\/Produits01-3-1x1.jpg 1w\" sizes=\"auto, (max-width: 575px) 100vw, 575px\" \/><\/figure><\/div>\n\n\n<h3 class=\"wp-block-heading has-text-align-center\">Pour plus d&rsquo;information, n&rsquo;h\u00e9sitez pas \u00e0 nous rejoindre.<\/h3>\n\n\n\n<p><\/p>\n","protected":false},"excerpt":{"rendered":"<p>Nous avons diff\u00e9rents styles Nous avons diff\u00e9rent type de finit Pour plus d&rsquo;information, n&rsquo;h\u00e9sitez pas \u00e0 nous rejoindre.<\/p>\n","protected":false},"author":1,"featured_media":0,"parent":0,"menu_order":0,"comment_status":"closed","ping_status":"closed","template":"","meta":{"footnotes":""},"class_list":["post-74","page","type-page","status-publish","hentry"],"_links":{"self":[{"href":"https:\/\/reprise1.fpdepsi.ca\/index.php?rest_route=\/wp\/v2\/pages\/74","targetHints":{"allow":["GET"]}}],"collection":[{"href":"https:\/\/reprise1.fpdepsi.ca\/index.php?rest_route=\/wp\/v2\/pages"}],"about":[{"href":"https:\/\/reprise1.fpdepsi.ca\/index.php?rest_route=\/wp\/v2\/types\/page"}],"author":[{"embeddable":true,"href":"https:\/\/reprise1.fpdepsi.ca\/index.php?rest_route=\/wp\/v2\/users\/1"}],"replies":[{"embeddable":true,"href":"https:\/\/reprise1.fpdepsi.ca\/index.php?rest_route=%2Fwp%2Fv2%2Fcomments&post=74"}],"version-history":[{"count":2,"href":"https:\/\/reprise1.fpdepsi.ca\/index.php?rest_route=\/wp\/v2\/pages\/74\/revisions"}],"predecessor-version":[{"id":100,"href":"https:\/\/reprise1.fpdepsi.ca\/index.php?rest_route=\/wp\/v2\/pages\/74\/revisions\/100"}],"wp:attachment":[{"href":"https:\/\/reprise1.fpdepsi.ca\/index.php?rest_route=%2Fwp%2Fv2%2Fmedia&parent=74"}],"curies":[{"name":"wp","href":"https:\/\/api.w.org\/{rel}","templated":true}]}}