{"id":80,"date":"2025-11-05T11:52:00","date_gmt":"2025-11-05T16:52:00","guid":{"rendered":"https:\/\/reprise1.fpdepsi.ca\/?page_id=80"},"modified":"2025-11-05T14:30:36","modified_gmt":"2025-11-05T19:30:36","slug":"accueil","status":"publish","type":"page","link":"https:\/\/reprise1.fpdepsi.ca\/","title":{"rendered":"Accueil"},"content":{"rendered":"<div class=\"wp-block-image\">\n<figure class=\"aligncenter size-full is-resized\"><img loading=\"lazy\" decoding=\"async\" width=\"980\" height=\"659\" src=\"https:\/\/reprise1.fpdepsi.ca\/wp-content\/uploads\/2025\/11\/Accueil-1.jpg\" alt=\"\" class=\"wp-image-88\" style=\"width:504px;height:auto\" srcset=\"https:\/\/reprise1.fpdepsi.ca\/wp-content\/uploads\/2025\/11\/Accueil-1.jpg 980w, https:\/\/reprise1.fpdepsi.ca\/wp-content\/uploads\/2025\/11\/Accueil-1-300x202.jpg 300w, https:\/\/reprise1.fpdepsi.ca\/wp-content\/uploads\/2025\/11\/Accueil-1-768x516.jpg 768w, https:\/\/reprise1.fpdepsi.ca\/wp-content\/uploads\/2025\/11\/Accueil-1-1x1.jpg 1w\" sizes=\"auto, (max-width: 980px) 100vw, 980px\" \/><\/figure><\/div>\n\n\n<p>Nous r\u00e9cup\u00e9rons le bois de grange et du bois \u00e0 l&rsquo;\u00e9tat brut, provenant de diff\u00e9rentes sources.<br>Nos produits sont tous fabriqu\u00e9s \u00e0 la main et passent un processus de v\u00e9rification tr\u00e8s rigoureux.<br><br><a href=\"https:\/\/reprise1.fpdepsi.ca\/?page_id=74\" data-type=\"page\" data-id=\"74\">Cliquez ici pour voir nos derni\u00e8res r\u00e9alisations.<\/a><\/p>\n\n\n\n<p><\/p>\n","protected":false},"excerpt":{"rendered":"<p>Nous r\u00e9cup\u00e9rons le bois de grange et du bois \u00e0 l&rsquo;\u00e9tat brut, provenant de diff\u00e9rentes sources.Nos produits sont tous fabriqu\u00e9s \u00e0 la main et passent un processus de v\u00e9rification tr\u00e8s rigoureux. Cliquez ici pour voir nos derni\u00e8res r\u00e9alisations.<\/p>\n","protected":false},"author":1,"featured_media":0,"parent":0,"menu_order":0,"comment_status":"closed","ping_status":"closed","template":"","meta":{"footnotes":""},"class_list":["post-80","page","type-page","status-publish","hentry"],"_links":{"self":[{"href":"https:\/\/reprise1.fpdepsi.ca\/index.php?rest_route=\/wp\/v2\/pages\/80","targetHints":{"allow":["GET"]}}],"collection":[{"href":"https:\/\/reprise1.fpdepsi.ca\/index.php?rest_route=\/wp\/v2\/pages"}],"about":[{"href":"https:\/\/reprise1.fpdepsi.ca\/index.php?rest_route=\/wp\/v2\/types\/page"}],"author":[{"embeddable":true,"href":"https:\/\/reprise1.fpdepsi.ca\/index.php?rest_route=\/wp\/v2\/users\/1"}],"replies":[{"embeddable":true,"href":"https:\/\/reprise1.fpdepsi.ca\/index.php?rest_route=%2Fwp%2Fv2%2Fcomments&post=80"}],"version-history":[{"count":5,"href":"https:\/\/reprise1.fpdepsi.ca\/index.php?rest_route=\/wp\/v2\/pages\/80\/revisions"}],"predecessor-version":[{"id":89,"href":"https:\/\/reprise1.fpdepsi.ca\/index.php?rest_route=\/wp\/v2\/pages\/80\/revisions\/89"}],"wp:attachment":[{"href":"https:\/\/reprise1.fpdepsi.ca\/index.php?rest_route=%2Fwp%2Fv2%2Fmedia&parent=80"}],"curies":[{"name":"wp","href":"https:\/\/api.w.org\/{rel}","templated":true}]}}